{"id":406,"date":"2023-04-13T18:18:21","date_gmt":"2023-04-13T17:18:21","guid":{"rendered":"https:\/\/quadtaghazout.com\/?page_id=406"},"modified":"2023-04-24T18:39:13","modified_gmt":"2023-04-24T17:39:13","slug":"terms-conditions","status":"publish","type":"page","link":"https:\/\/quadtaghazout.com\/fr\/terms-conditions\/","title":{"rendered":"Termes et conditions"},"content":{"rendered":"<p><strong>Introduction :<\/strong><br>QuadTaghazout propose des services de location de scooters, quads et buggies aux clients. En utilisant nos services, vous acceptez d'\u00eatre li\u00e9 par les termes et conditions suivants.<br><strong>Admissibilit\u00e9\u00a0:<\/strong><br>Pour louer un scooter, un quad ou un buggy chez QuadTaghazout, vous devez avoir au moins 16 ans et avoir un permis de conduire valide.<br><strong>Paiement :<\/strong><br>Le paiement complet est exig\u00e9 au moment de la r\u00e9servation. Nous acceptons les paiements par carte de cr\u00e9dit, carte de d\u00e9bit ou en esp\u00e8ces.<br><strong>Assurance :<\/strong><br>Quad Taghazout propose une couverture d'assurance pour tous ses scooters, quads et buggies. Cependant, le client est responsable des dommages caus\u00e9s au v\u00e9hicule pendant la p\u00e9riode de location.<br><strong>Maintenance :<\/strong><br>Quad Taghazout se charge de l'entretien de ses scooters, quads et buggies. En cas de difficult\u00e9s techniques, Quad Taghazout assure une assistance 24h\/24 et 7j\/7.<br><strong>Carburant :<\/strong><br>Le scooter sera fourni avec un r\u00e9servoir plein de carburant au d\u00e9but de la p\u00e9riode de location. Le client est responsable de remplir le r\u00e9servoir de carburant avant de rendre le v\u00e9hicule. Nous assumons la responsabilit\u00e9 du carburant n\u00e9cessaire pour alimenter les quads et les buggies pendant votre p\u00e9riode d'excursion<br><strong>R\u00e9siliation :<\/strong><br>QuadTaghazout se r\u00e9serve le droit de r\u00e9silier le contrat de location \u00e0 tout moment si le client enfreint l'une des conditions d'utilisation.<br><strong>Limitation de responsabilit\u00e9 :<\/strong><br>QuadTaghazout n'est pas responsable des blessures, d\u00e9c\u00e8s ou dommages mat\u00e9riels pouvant survenir lors de l'utilisation de ses scooters, quads et buggys. Le client est seul responsable des accidents qui pourraient survenir pendant la p\u00e9riode de location.<br><strong>Droit applicable :<\/strong><br>Ces termes et conditions seront r\u00e9gis et interpr\u00e9t\u00e9s conform\u00e9ment aux lois du Maroc.<br><strong>Modifications des CGU\u00a0:<\/strong><br>QuadTaghazout se r\u00e9serve le droit de modifier ces conditions g\u00e9n\u00e9rales \u00e0 tout moment, et il appartient au client de consulter r\u00e9guli\u00e8rement ces conditions g\u00e9n\u00e9rales.<\/p>","protected":false},"excerpt":{"rendered":"<p>Introduction :QuadTaghazout provides rental services of scooters, quads, and buggies to customers. By using our services, you agree to be bound by the following terms and conditions.Eligibility :To rent a scooter, quad, or buggy from QuadTaghazout, you must be at least 16 years of age and have a valid driver\u2019s license.Payment :Full payment is required [&#8230;]\n","protected":false},"author":1,"featured_media":0,"parent":0,"menu_order":0,"comment_status":"closed","ping_status":"closed","template":"page-blank-title-center.php","meta":{"footnotes":""},"class_list":["post-406","page","type-page","status-publish","hentry"],"yoast_head":"<!-- This site is optimized with the Yoast SEO plugin v27.5 - https:\/\/yoast.com\/product\/yoast-seo-wordpress\/ -->\n<title>Terms and Conditions - Quad Taghazout<\/title>\n<meta name=\"description\" content=\"Quad Taghazout are a company based in Taghazout Morocco. That specializes in rental services for Quad &amp; Buggy.\" \/>\n<meta name=\"robots\" content=\"noindex, nofollow\" \/>\n<meta property=\"og:locale\" content=\"fr_FR\" \/>\n<meta property=\"og:type\" content=\"article\" \/>\n<meta property=\"og:title\" content=\"Terms and Conditions - Quad Taghazout\" \/>\n<meta property=\"og:description\" content=\"Quad Taghazout are a company based in Taghazout Morocco. That specializes in rental services for Quad &amp; Buggy.\" \/>\n<meta property=\"og:url\" content=\"https:\/\/quadtaghazout.com\/fr\/terms-conditions\/\" \/>\n<meta property=\"og:site_name\" content=\"Quad Taghazout\" \/>\n<meta property=\"article:publisher\" content=\"https:\/\/www.facebook.com\/quadtaghazout.official\/\" \/>\n<meta property=\"article:modified_time\" content=\"2023-04-24T17:39:13+00:00\" \/>\n<meta name=\"twitter:card\" content=\"summary_large_image\" \/>\n<meta name=\"twitter:label1\" content=\"Dur\u00e9e de lecture estim\u00e9e\" \/>\n\t<meta name=\"twitter:data1\" content=\"2 minutes\" \/>\n<script type=\"application\/ld+json\" class=\"yoast-schema-graph\">{\"@context\":\"https:\\\/\\\/schema.org\",\"@graph\":[{\"@type\":\"WebPage\",\"@id\":\"https:\\\/\\\/quadtaghazout.com\\\/terms-conditions\\\/\",\"url\":\"https:\\\/\\\/quadtaghazout.com\\\/terms-conditions\\\/\",\"name\":\"Terms and Conditions - Quad Taghazout\",\"isPartOf\":{\"@id\":\"https:\\\/\\\/quadtaghazout.com\\\/#website\"},\"datePublished\":\"2023-04-13T17:18:21+00:00\",\"dateModified\":\"2023-04-24T17:39:13+00:00\",\"description\":\"Quad Taghazout are a company based in Taghazout Morocco. That specializes in rental services for Quad & Buggy.\",\"breadcrumb\":{\"@id\":\"https:\\\/\\\/quadtaghazout.com\\\/terms-conditions\\\/#breadcrumb\"},\"inLanguage\":\"fr-FR\",\"potentialAction\":[{\"@type\":\"ReadAction\",\"target\":[\"https:\\\/\\\/quadtaghazout.com\\\/terms-conditions\\\/\"]}]},{\"@type\":\"BreadcrumbList\",\"@id\":\"https:\\\/\\\/quadtaghazout.com\\\/terms-conditions\\\/#breadcrumb\",\"itemListElement\":[{\"@type\":\"ListItem\",\"position\":1,\"name\":\"Home\",\"item\":\"https:\\\/\\\/quadtaghazout.com\\\/\"},{\"@type\":\"ListItem\",\"position\":2,\"name\":\"Terms and Conditions\"}]},{\"@type\":\"WebSite\",\"@id\":\"https:\\\/\\\/quadtaghazout.com\\\/#website\",\"url\":\"https:\\\/\\\/quadtaghazout.com\\\/\",\"name\":\"Quad Taghazout\",\"description\":\"Quad Bike in Taghazout\",\"publisher\":{\"@id\":\"https:\\\/\\\/quadtaghazout.com\\\/#organization\"},\"potentialAction\":[{\"@type\":\"SearchAction\",\"target\":{\"@type\":\"EntryPoint\",\"urlTemplate\":\"https:\\\/\\\/quadtaghazout.com\\\/?s={search_term_string}\"},\"query-input\":{\"@type\":\"PropertyValueSpecification\",\"valueRequired\":true,\"valueName\":\"search_term_string\"}}],\"inLanguage\":\"fr-FR\"},{\"@type\":\"Organization\",\"@id\":\"https:\\\/\\\/quadtaghazout.com\\\/#organization\",\"name\":\"Quad Taghazout\",\"url\":\"https:\\\/\\\/quadtaghazout.com\\\/\",\"logo\":{\"@type\":\"ImageObject\",\"inLanguage\":\"fr-FR\",\"@id\":\"https:\\\/\\\/quadtaghazout.com\\\/#\\\/schema\\\/logo\\\/image\\\/\",\"url\":\"https:\\\/\\\/quadtaghazout.com\\\/wp-content\\\/uploads\\\/2023\\\/04\\\/800x800.jpg\",\"contentUrl\":\"https:\\\/\\\/quadtaghazout.com\\\/wp-content\\\/uploads\\\/2023\\\/04\\\/800x800.jpg\",\"width\":800,\"height\":800,\"caption\":\"Quad Taghazout\"},\"image\":{\"@id\":\"https:\\\/\\\/quadtaghazout.com\\\/#\\\/schema\\\/logo\\\/image\\\/\"},\"sameAs\":[\"https:\\\/\\\/www.facebook.com\\\/quadtaghazout.official\\\/\",\"https:\\\/\\\/www.instagram.com\\\/quad_taghazout_\\\/\"]}]}<\/script>\n<!-- \/ Yoast SEO plugin. -->","yoast_head_json":{"title":"Terms and Conditions - Quad Taghazout","description":"Quad Taghazout are a company based in Taghazout Morocco. That specializes in rental services for Quad & Buggy.","robots":{"index":"noindex","follow":"nofollow"},"og_locale":"fr_FR","og_type":"article","og_title":"Terms and Conditions - Quad Taghazout","og_description":"Quad Taghazout are a company based in Taghazout Morocco. That specializes in rental services for Quad & Buggy.","og_url":"https:\/\/quadtaghazout.com\/fr\/terms-conditions\/","og_site_name":"Quad Taghazout","article_publisher":"https:\/\/www.facebook.com\/quadtaghazout.official\/","article_modified_time":"2023-04-24T17:39:13+00:00","twitter_card":"summary_large_image","twitter_misc":{"Dur\u00e9e de lecture estim\u00e9e":"2 minutes"},"schema":{"@context":"https:\/\/schema.org","@graph":[{"@type":"WebPage","@id":"https:\/\/quadtaghazout.com\/terms-conditions\/","url":"https:\/\/quadtaghazout.com\/terms-conditions\/","name":"Terms and Conditions - Quad Taghazout","isPartOf":{"@id":"https:\/\/quadtaghazout.com\/#website"},"datePublished":"2023-04-13T17:18:21+00:00","dateModified":"2023-04-24T17:39:13+00:00","description":"Quad Taghazout are a company based in Taghazout Morocco. That specializes in rental services for Quad & Buggy.","breadcrumb":{"@id":"https:\/\/quadtaghazout.com\/terms-conditions\/#breadcrumb"},"inLanguage":"fr-FR","potentialAction":[{"@type":"ReadAction","target":["https:\/\/quadtaghazout.com\/terms-conditions\/"]}]},{"@type":"BreadcrumbList","@id":"https:\/\/quadtaghazout.com\/terms-conditions\/#breadcrumb","itemListElement":[{"@type":"ListItem","position":1,"name":"Home","item":"https:\/\/quadtaghazout.com\/"},{"@type":"ListItem","position":2,"name":"Terms and Conditions"}]},{"@type":"WebSite","@id":"https:\/\/quadtaghazout.com\/#website","url":"https:\/\/quadtaghazout.com\/","name":"Quad Taghazout","description":"Quad Bike in Taghazout","publisher":{"@id":"https:\/\/quadtaghazout.com\/#organization"},"potentialAction":[{"@type":"SearchAction","target":{"@type":"EntryPoint","urlTemplate":"https:\/\/quadtaghazout.com\/?s={search_term_string}"},"query-input":{"@type":"PropertyValueSpecification","valueRequired":true,"valueName":"search_term_string"}}],"inLanguage":"fr-FR"},{"@type":"Organization","@id":"https:\/\/quadtaghazout.com\/#organization","name":"Quad Taghazout","url":"https:\/\/quadtaghazout.com\/","logo":{"@type":"ImageObject","inLanguage":"fr-FR","@id":"https:\/\/quadtaghazout.com\/#\/schema\/logo\/image\/","url":"https:\/\/quadtaghazout.com\/wp-content\/uploads\/2023\/04\/800x800.jpg","contentUrl":"https:\/\/quadtaghazout.com\/wp-content\/uploads\/2023\/04\/800x800.jpg","width":800,"height":800,"caption":"Quad Taghazout"},"image":{"@id":"https:\/\/quadtaghazout.com\/#\/schema\/logo\/image\/"},"sameAs":["https:\/\/www.facebook.com\/quadtaghazout.official\/","https:\/\/www.instagram.com\/quad_taghazout_\/"]}]}},"_links":{"self":[{"href":"https:\/\/quadtaghazout.com\/fr\/wp-json\/wp\/v2\/pages\/406","targetHints":{"allow":["GET"]}}],"collection":[{"href":"https:\/\/quadtaghazout.com\/fr\/wp-json\/wp\/v2\/pages"}],"about":[{"href":"https:\/\/quadtaghazout.com\/fr\/wp-json\/wp\/v2\/types\/page"}],"author":[{"embeddable":true,"href":"https:\/\/quadtaghazout.com\/fr\/wp-json\/wp\/v2\/users\/1"}],"replies":[{"embeddable":true,"href":"https:\/\/quadtaghazout.com\/fr\/wp-json\/wp\/v2\/comments?post=406"}],"version-history":[{"count":1,"href":"https:\/\/quadtaghazout.com\/fr\/wp-json\/wp\/v2\/pages\/406\/revisions"}],"predecessor-version":[{"id":407,"href":"https:\/\/quadtaghazout.com\/fr\/wp-json\/wp\/v2\/pages\/406\/revisions\/407"}],"wp:attachment":[{"href":"https:\/\/quadtaghazout.com\/fr\/wp-json\/wp\/v2\/media?parent=406"}],"curies":[{"name":"wp","href":"https:\/\/api.w.org\/{rel}","templated":true}]}}