{"id":41,"date":"2016-03-31T14:37:54","date_gmt":"2016-03-31T14:37:54","guid":{"rendered":"http:\/\/flatsome.dev\/?page_id=7011"},"modified":"2023-05-31T01:03:48","modified_gmt":"2023-05-31T00:03:48","slug":"faq","status":"publish","type":"page","link":"https:\/\/quadtaghazout.com\/fr\/faq\/","title":{"rendered":"FAQ"},"content":{"rendered":"<div class=\"banner has-hover\" id=\"banner-2111263268\">\n          <div class=\"banner-inner fill\">\n        <div class=\"banner-bg fill\" >\n            <div class=\"bg fill bg-fill\"><\/div>\n                        <div class=\"overlay\"><\/div>            \n                    <\/div>\n\t\t\n        <div class=\"banner-layers container\">\n            <div class=\"fill banner-link\"><\/div>            \n\n   <div id=\"text-box-1852912021\" class=\"text-box banner-layer x50 md-x50 lg-x50 y50 md-y50 lg-y50 res-text\">\n                                <div class=\"text-box-content text dark\">\n              \n              <div class=\"text-inner text-center\">\n                  \n\n<h3 class=\"uppercase\"><strong>FAQ<\/strong><\/h3>\n<p class=\"lead\" style=\"margin-bottom:0px\">Questions fr\u00e9quemment pos\u00e9es.<\/p>\n\n              <\/div>\n           <\/div>\n                            \n<style>\n#text-box-1852912021 {\n  width: 60%;\n}\n#text-box-1852912021 .text-box-content {\n  font-size: 100%;\n}\n<\/style>\n    <\/div>\n \n\n        <\/div>\n      <\/div>\n\n            \n<style>\n#banner-2111263268 {\n  padding-top: 300px;\n}\n#banner-2111263268 .bg.bg-loaded {\n  background-image: url(https:\/\/quadtaghazout.com\/wp-content\/uploads\/2023\/04\/quad-header-1.jpg);\n}\n#banner-2111263268 .overlay {\n  background-color: rgba(0, 0, 0, 0.41);\n}\n#banner-2111263268 .ux-shape-divider--top svg {\n  height: 150px;\n  --divider-top-width: 100%;\n}\n#banner-2111263268 .ux-shape-divider--bottom svg {\n  height: 150px;\n  --divider-width: 100%;\n}\n<\/style>\n  <\/div>\n\n\n\t<section class=\"section\" id=\"section_939106458\">\n\t\t<div class=\"bg section-bg fill bg-fill  bg-loaded\" >\n\n\t\t\t\n\t\t\t\n\t\t\t\n\n\t\t<\/div>\n\n\t\t\n\n\t\t<div class=\"section-content relative\">\n\t\t\t\n\n<div class=\"row align-center\"  id=\"row-403985818\">\n\n\n\t<div id=\"col-1872142565\" class=\"col medium-10 small-12 large-10\"  >\n\t\t\t\t<div class=\"col-inner\"  >\n\t\t\t\n\t\t\t\n\n<div class=\"accordion\">\n\n<div id=\"accordion-176510413\" class=\"accordion-item\"><a id=\"accordion-176510413-label\" href=\"#\" class=\"accordion-title plain\" aria-expanded=\"false\" aria-controls=\"accordion-176510413-content\"><button class=\"toggle\" aria-label=\"Toggle\"><i class=\"icon-angle-down\"><\/i><\/button><span>QUELS TYPES DE VEHICULES PUIS-JE LOUER CHEZ QUAD TAGHAZOUT ?<\/span><\/a><div id=\"accordion-176510413-content\" class=\"accordion-inner\" aria-labelledby=\"accordion-176510413-label\">\n\n<p>QUAD TAGHAZOUT vous propose des quads, buggies et buggy rover pour des aventures tout-terrain.<\/p>\n\n\n<\/div><\/div>\n<div id=\"accordion-2048108448\" class=\"accordion-item\"><a id=\"accordion-2048108448-label\" href=\"#\" class=\"accordion-title plain\" aria-expanded=\"false\" aria-controls=\"accordion-2048108448-content\"><button class=\"toggle\" aria-label=\"Toggle\"><i class=\"icon-angle-down\"><\/i><\/button><span>Y A-T-IL DES RESTRICTIONS D'\u00c2GE POUR LOUER UN V\u00c9HICULE AU QUAD TAGHAZOUT ?<\/span><\/a><div id=\"accordion-2048108448-content\" class=\"accordion-inner\" aria-labelledby=\"accordion-2048108448-label\">\n\n<p>Oui, vous devez avoir au moins 16 ans pour louer un quad, et 18 ans pour une location de buggy.<\/p>\n\n\n<\/div><\/div>\n<div id=\"accordion-3846859778\" class=\"accordion-item\"><a id=\"accordion-3846859778-label\" href=\"#\" class=\"accordion-title plain\" aria-expanded=\"false\" aria-controls=\"accordion-3846859778-content\"><button class=\"toggle\" aria-label=\"Toggle\"><i class=\"icon-angle-down\"><\/i><\/button><span>AI-JE BESOIN D'UN PERMIS POUR LOUER UN VEHICULE CHEZ QUAD TAGHAZOUT ?<\/span><\/a><div id=\"accordion-3846859778-content\" class=\"accordion-inner\" aria-labelledby=\"accordion-3846859778-label\">\n\n<p>Non, vous n'avez pas besoin de permis de conduire pour louer un v\u00e9hicule de QUAD TAGHAZOUT<\/p>\n\n\n<\/div><\/div>\n<div id=\"accordion-228996228\" class=\"accordion-item\"><a id=\"accordion-228996228-label\" href=\"#\" class=\"accordion-title plain\" aria-expanded=\"false\" aria-controls=\"accordion-228996228-content\"><button class=\"toggle\" aria-label=\"Toggle\"><i class=\"icon-angle-down\"><\/i><\/button><span>EST-IL POSSIBLE DE LOUER UN QUAD OU UN BUGGY SANS GUIDE ?<\/span><\/a><div id=\"accordion-228996228-content\" class=\"accordion-inner\" aria-labelledby=\"accordion-228996228-label\">\n\n<p>Non, avoir un guide est un \u00e9l\u00e9ment essentiel de l'exp\u00e9rience de location pour votre s\u00e9curit\u00e9 et votre plaisir.<\/p>\n\n\n<\/div><\/div>\n<div id=\"accordion-105687116\" class=\"accordion-item\"><a id=\"accordion-105687116-label\" href=\"#\" class=\"accordion-title plain\" aria-expanded=\"false\" aria-controls=\"accordion-105687116-content\"><button class=\"toggle\" aria-label=\"Toggle\"><i class=\"icon-angle-down\"><\/i><\/button><span>COMMENT R\u00c9SERVER AVEC QUAD TAGHAZOUT ?<\/span><\/a><div id=\"accordion-105687116-content\" class=\"accordion-inner\" aria-labelledby=\"accordion-105687116-label\">\n\n<p>Faire une r\u00e9servation avec QuadTaghazout est facile et peut se faire par t\u00e9l\u00e9phone ou par e-mail. Pour r\u00e9server, appelez-nous simplement au +212 648-114210 ou envoyez-nous un email \u00e0 contact@quadtaghazout.com<\/p>\n\n\n<\/div><\/div>\n<div id=\"accordion-2704343790\" class=\"accordion-item\"><a id=\"accordion-2704343790-label\" href=\"#\" class=\"accordion-title plain\" aria-expanded=\"false\" aria-controls=\"accordion-2704343790-content\"><button class=\"toggle\" aria-label=\"Toggle\"><i class=\"icon-angle-down\"><\/i><\/button><span>QUELLES SONT VOS HEURES D'OP\u00c9RATIONS ?<\/span><\/a><div id=\"accordion-2704343790-content\" class=\"accordion-inner\" aria-labelledby=\"accordion-2704343790-label\">\n\n<p>Nous sommes ouverts sept jours sur sept de 8h00 \u00e0 23h00. Cependant, nous pouvons \u00eatre en mesure de r\u00e9pondre \u00e0 des demandes sp\u00e9ciales en dehors de ces heures avec un pr\u00e9avis.<\/p>\n\n\n<\/div><\/div>\n<div id=\"accordion-2320987628\" class=\"accordion-item\"><a id=\"accordion-2320987628-label\" href=\"#\" class=\"accordion-title plain\" aria-expanded=\"false\" aria-controls=\"accordion-2320987628-content\"><button class=\"toggle\" aria-label=\"Toggle\"><i class=\"icon-angle-down\"><\/i><\/button><span>OFFREZ-VOUS UNE COUVERTURE D'ASSURANCE POUR LES ACCIDENTS LORS DE LA LOCATION D'UN V\u00c9HICULE\u00a0?<\/span><\/a><div id=\"accordion-2320987628-content\" class=\"accordion-inner\" aria-labelledby=\"accordion-2320987628-label\">\n\n<p>Oui, nous offrons une couverture d'assurance contre les accidents personnels \u00e0 nos clients. Cette assurance couvre les frais m\u00e9dicaux, l'invalidit\u00e9, le d\u00e9c\u00e8s et la mutilation accidentels pouvant survenir pendant votre p\u00e9riode de location. Toutefois, veuillez noter que cette assurance ne couvre pas les dommages au v\u00e9hicule de location ni la responsabilit\u00e9 civile en cas d'accident. Les clients sont responsables de tout dommage subi pendant leur p\u00e9riode de location.<\/p>\n\n\n<\/div><\/div>\n<div id=\"accordion-1310812506\" class=\"accordion-item\"><a id=\"accordion-1310812506-label\" href=\"#\" class=\"accordion-title plain\" aria-expanded=\"false\" aria-controls=\"accordion-1310812506-content\"><button class=\"toggle\" aria-label=\"Toggle\"><i class=\"icon-angle-down\"><\/i><\/button><span>PUIS-JE LOUER UN V\u00c9HICULE POUR PLUSIEURS JOURS\u00a0?<\/span><\/a><div id=\"accordion-1310812506-content\" class=\"accordion-inner\" aria-labelledby=\"accordion-1310812506-label\">\n\n<p>Oui, vous pouvez louer un quad ou un buggy pour plusieurs jours. Nous offrons des rabais pour des p\u00e9riodes de location plus longues.<\/p>\n\n\n<\/div><\/div>\n\n<\/div>\n\n\t\t<\/div>\n\t\t\t\t\t<\/div>\n\n\t\n\n\n<style>\n#row-403985818 > .col > .col-inner {\n  padding: 60px 0px 30px 0px;\n}\n<\/style>\n<\/div>\n\n\t\t<\/div>\n\n\t\t\n<style>\n#section_939106458 {\n  padding-top: 30px;\n  padding-bottom: 30px;\n}\n#section_939106458 .ux-shape-divider--top svg {\n  height: 150px;\n  --divider-top-width: 100%;\n}\n#section_939106458 .ux-shape-divider--bottom svg {\n  height: 150px;\n  --divider-width: 100%;\n}\n<\/style>\n\t<\/section>","protected":false},"excerpt":{"rendered":"","protected":false},"author":1,"featured_media":437,"parent":0,"menu_order":0,"comment_status":"closed","ping_status":"closed","template":"page-blank.php","meta":{"footnotes":""},"class_list":["post-41","page","type-page","status-publish","has-post-thumbnail","hentry"],"yoast_head":"<!-- This site is optimized with the Yoast SEO plugin v27.4 - https:\/\/yoast.com\/product\/yoast-seo-wordpress\/ -->\n<title>FAQ - Quad Taghazout<\/title>\n<meta name=\"description\" content=\"Quad Taghazout are a company based in Taghazout Morocco. That specializes in rental services for Quad &amp; Buggy.\" \/>\n<meta name=\"robots\" content=\"index, follow, max-snippet:-1, max-image-preview:large, max-video-preview:-1\" \/>\n<link rel=\"canonical\" href=\"https:\/\/quadtaghazout.com\/fr\/faq\/\" \/>\n<meta property=\"og:locale\" content=\"fr_FR\" \/>\n<meta property=\"og:type\" content=\"article\" \/>\n<meta property=\"og:title\" content=\"FAQ - Quad Taghazout\" \/>\n<meta property=\"og:description\" content=\"Quad Taghazout are a company based in Taghazout Morocco. That specializes in rental services for Quad &amp; Buggy.\" \/>\n<meta property=\"og:url\" content=\"https:\/\/quadtaghazout.com\/fr\/faq\/\" \/>\n<meta property=\"og:site_name\" content=\"Quad Taghazout\" \/>\n<meta property=\"article:publisher\" content=\"https:\/\/www.facebook.com\/quadtaghazout.official\/\" \/>\n<meta property=\"article:modified_time\" content=\"2023-05-31T00:03:48+00:00\" \/>\n<meta property=\"og:image\" content=\"https:\/\/quadtaghazout.com\/wp-content\/uploads\/2023\/04\/df5bh8df6.jpg\" \/>\n\t<meta property=\"og:image:width\" content=\"768\" \/>\n\t<meta property=\"og:image:height\" content=\"614\" \/>\n\t<meta property=\"og:image:type\" content=\"image\/jpeg\" \/>\n<meta name=\"twitter:card\" content=\"summary_large_image\" \/>\n<meta name=\"twitter:label1\" content=\"Dur\u00e9e de lecture estim\u00e9e\" \/>\n\t<meta name=\"twitter:data1\" content=\"2 minutes\" \/>\n<script type=\"application\/ld+json\" class=\"yoast-schema-graph\">{\"@context\":\"https:\\\/\\\/schema.org\",\"@graph\":[{\"@type\":\"WebPage\",\"@id\":\"https:\\\/\\\/quadtaghazout.com\\\/faq\\\/\",\"url\":\"https:\\\/\\\/quadtaghazout.com\\\/faq\\\/\",\"name\":\"FAQ - Quad Taghazout\",\"isPartOf\":{\"@id\":\"https:\\\/\\\/quadtaghazout.com\\\/#website\"},\"primaryImageOfPage\":{\"@id\":\"https:\\\/\\\/quadtaghazout.com\\\/faq\\\/#primaryimage\"},\"image\":{\"@id\":\"https:\\\/\\\/quadtaghazout.com\\\/faq\\\/#primaryimage\"},\"thumbnailUrl\":\"https:\\\/\\\/quadtaghazout.com\\\/wp-content\\\/uploads\\\/2023\\\/04\\\/df5bh8df6.jpg\",\"datePublished\":\"2016-03-31T14:37:54+00:00\",\"dateModified\":\"2023-05-31T00:03:48+00:00\",\"description\":\"Quad Taghazout are a company based in Taghazout Morocco. That specializes in rental services for Quad & Buggy.\",\"breadcrumb\":{\"@id\":\"https:\\\/\\\/quadtaghazout.com\\\/faq\\\/#breadcrumb\"},\"inLanguage\":\"fr-FR\",\"potentialAction\":[{\"@type\":\"ReadAction\",\"target\":[\"https:\\\/\\\/quadtaghazout.com\\\/faq\\\/\"]}]},{\"@type\":\"ImageObject\",\"inLanguage\":\"fr-FR\",\"@id\":\"https:\\\/\\\/quadtaghazout.com\\\/faq\\\/#primaryimage\",\"url\":\"https:\\\/\\\/quadtaghazout.com\\\/wp-content\\\/uploads\\\/2023\\\/04\\\/df5bh8df6.jpg\",\"contentUrl\":\"https:\\\/\\\/quadtaghazout.com\\\/wp-content\\\/uploads\\\/2023\\\/04\\\/df5bh8df6.jpg\",\"width\":768,\"height\":614,\"caption\":\"Buggy Taghazout\"},{\"@type\":\"BreadcrumbList\",\"@id\":\"https:\\\/\\\/quadtaghazout.com\\\/faq\\\/#breadcrumb\",\"itemListElement\":[{\"@type\":\"ListItem\",\"position\":1,\"name\":\"Home\",\"item\":\"https:\\\/\\\/quadtaghazout.com\\\/\"},{\"@type\":\"ListItem\",\"position\":2,\"name\":\"FAQ\"}]},{\"@type\":\"WebSite\",\"@id\":\"https:\\\/\\\/quadtaghazout.com\\\/#website\",\"url\":\"https:\\\/\\\/quadtaghazout.com\\\/\",\"name\":\"Quad Taghazout\",\"description\":\"Quad Bike in Taghazout\",\"publisher\":{\"@id\":\"https:\\\/\\\/quadtaghazout.com\\\/#organization\"},\"potentialAction\":[{\"@type\":\"SearchAction\",\"target\":{\"@type\":\"EntryPoint\",\"urlTemplate\":\"https:\\\/\\\/quadtaghazout.com\\\/?s={search_term_string}\"},\"query-input\":{\"@type\":\"PropertyValueSpecification\",\"valueRequired\":true,\"valueName\":\"search_term_string\"}}],\"inLanguage\":\"fr-FR\"},{\"@type\":\"Organization\",\"@id\":\"https:\\\/\\\/quadtaghazout.com\\\/#organization\",\"name\":\"Quad Taghazout\",\"url\":\"https:\\\/\\\/quadtaghazout.com\\\/\",\"logo\":{\"@type\":\"ImageObject\",\"inLanguage\":\"fr-FR\",\"@id\":\"https:\\\/\\\/quadtaghazout.com\\\/#\\\/schema\\\/logo\\\/image\\\/\",\"url\":\"https:\\\/\\\/quadtaghazout.com\\\/wp-content\\\/uploads\\\/2023\\\/04\\\/800x800.jpg\",\"contentUrl\":\"https:\\\/\\\/quadtaghazout.com\\\/wp-content\\\/uploads\\\/2023\\\/04\\\/800x800.jpg\",\"width\":800,\"height\":800,\"caption\":\"Quad Taghazout\"},\"image\":{\"@id\":\"https:\\\/\\\/quadtaghazout.com\\\/#\\\/schema\\\/logo\\\/image\\\/\"},\"sameAs\":[\"https:\\\/\\\/www.facebook.com\\\/quadtaghazout.official\\\/\",\"https:\\\/\\\/www.instagram.com\\\/quad_taghazout_\\\/\"]}]}<\/script>\n<!-- \/ Yoast SEO plugin. -->","yoast_head_json":{"title":"FAQ - Quad Taghazout","description":"Quad Taghazout are a company based in Taghazout Morocco. That specializes in rental services for Quad & Buggy.","robots":{"index":"index","follow":"follow","max-snippet":"max-snippet:-1","max-image-preview":"max-image-preview:large","max-video-preview":"max-video-preview:-1"},"canonical":"https:\/\/quadtaghazout.com\/fr\/faq\/","og_locale":"fr_FR","og_type":"article","og_title":"FAQ - Quad Taghazout","og_description":"Quad Taghazout are a company based in Taghazout Morocco. That specializes in rental services for Quad & Buggy.","og_url":"https:\/\/quadtaghazout.com\/fr\/faq\/","og_site_name":"Quad Taghazout","article_publisher":"https:\/\/www.facebook.com\/quadtaghazout.official\/","article_modified_time":"2023-05-31T00:03:48+00:00","og_image":[{"width":768,"height":614,"url":"https:\/\/quadtaghazout.com\/wp-content\/uploads\/2023\/04\/df5bh8df6.jpg","type":"image\/jpeg"}],"twitter_card":"summary_large_image","twitter_misc":{"Dur\u00e9e de lecture estim\u00e9e":"2 minutes"},"schema":{"@context":"https:\/\/schema.org","@graph":[{"@type":"WebPage","@id":"https:\/\/quadtaghazout.com\/faq\/","url":"https:\/\/quadtaghazout.com\/faq\/","name":"FAQ - Quad Taghazout","isPartOf":{"@id":"https:\/\/quadtaghazout.com\/#website"},"primaryImageOfPage":{"@id":"https:\/\/quadtaghazout.com\/faq\/#primaryimage"},"image":{"@id":"https:\/\/quadtaghazout.com\/faq\/#primaryimage"},"thumbnailUrl":"https:\/\/quadtaghazout.com\/wp-content\/uploads\/2023\/04\/df5bh8df6.jpg","datePublished":"2016-03-31T14:37:54+00:00","dateModified":"2023-05-31T00:03:48+00:00","description":"Quad Taghazout are a company based in Taghazout Morocco. That specializes in rental services for Quad & Buggy.","breadcrumb":{"@id":"https:\/\/quadtaghazout.com\/faq\/#breadcrumb"},"inLanguage":"fr-FR","potentialAction":[{"@type":"ReadAction","target":["https:\/\/quadtaghazout.com\/faq\/"]}]},{"@type":"ImageObject","inLanguage":"fr-FR","@id":"https:\/\/quadtaghazout.com\/faq\/#primaryimage","url":"https:\/\/quadtaghazout.com\/wp-content\/uploads\/2023\/04\/df5bh8df6.jpg","contentUrl":"https:\/\/quadtaghazout.com\/wp-content\/uploads\/2023\/04\/df5bh8df6.jpg","width":768,"height":614,"caption":"Buggy Taghazout"},{"@type":"BreadcrumbList","@id":"https:\/\/quadtaghazout.com\/faq\/#breadcrumb","itemListElement":[{"@type":"ListItem","position":1,"name":"Home","item":"https:\/\/quadtaghazout.com\/"},{"@type":"ListItem","position":2,"name":"FAQ"}]},{"@type":"WebSite","@id":"https:\/\/quadtaghazout.com\/#website","url":"https:\/\/quadtaghazout.com\/","name":"Quad Taghazout","description":"Quad Bike in Taghazout","publisher":{"@id":"https:\/\/quadtaghazout.com\/#organization"},"potentialAction":[{"@type":"SearchAction","target":{"@type":"EntryPoint","urlTemplate":"https:\/\/quadtaghazout.com\/?s={search_term_string}"},"query-input":{"@type":"PropertyValueSpecification","valueRequired":true,"valueName":"search_term_string"}}],"inLanguage":"fr-FR"},{"@type":"Organization","@id":"https:\/\/quadtaghazout.com\/#organization","name":"Quad Taghazout","url":"https:\/\/quadtaghazout.com\/","logo":{"@type":"ImageObject","inLanguage":"fr-FR","@id":"https:\/\/quadtaghazout.com\/#\/schema\/logo\/image\/","url":"https:\/\/quadtaghazout.com\/wp-content\/uploads\/2023\/04\/800x800.jpg","contentUrl":"https:\/\/quadtaghazout.com\/wp-content\/uploads\/2023\/04\/800x800.jpg","width":800,"height":800,"caption":"Quad Taghazout"},"image":{"@id":"https:\/\/quadtaghazout.com\/#\/schema\/logo\/image\/"},"sameAs":["https:\/\/www.facebook.com\/quadtaghazout.official\/","https:\/\/www.instagram.com\/quad_taghazout_\/"]}]}},"_links":{"self":[{"href":"https:\/\/quadtaghazout.com\/fr\/wp-json\/wp\/v2\/pages\/41","targetHints":{"allow":["GET"]}}],"collection":[{"href":"https:\/\/quadtaghazout.com\/fr\/wp-json\/wp\/v2\/pages"}],"about":[{"href":"https:\/\/quadtaghazout.com\/fr\/wp-json\/wp\/v2\/types\/page"}],"author":[{"embeddable":true,"href":"https:\/\/quadtaghazout.com\/fr\/wp-json\/wp\/v2\/users\/1"}],"replies":[{"embeddable":true,"href":"https:\/\/quadtaghazout.com\/fr\/wp-json\/wp\/v2\/comments?post=41"}],"version-history":[{"count":4,"href":"https:\/\/quadtaghazout.com\/fr\/wp-json\/wp\/v2\/pages\/41\/revisions"}],"predecessor-version":[{"id":522,"href":"https:\/\/quadtaghazout.com\/fr\/wp-json\/wp\/v2\/pages\/41\/revisions\/522"}],"wp:featuredmedia":[{"embeddable":true,"href":"https:\/\/quadtaghazout.com\/fr\/wp-json\/wp\/v2\/media\/437"}],"wp:attachment":[{"href":"https:\/\/quadtaghazout.com\/fr\/wp-json\/wp\/v2\/media?parent=41"}],"curies":[{"name":"wp","href":"https:\/\/api.w.org\/{rel}","templated":true}]}}