{"id":675,"date":"2023-07-02T15:00:24","date_gmt":"2023-07-02T14:00:24","guid":{"rendered":"https:\/\/quadtaghazout.com\/?post_type=product&#038;p=675"},"modified":"2024-02-22T13:44:16","modified_gmt":"2024-02-22T12:44:16","slug":"horse-ride-tour-taghazout","status":"publish","type":"product","link":"https:\/\/quadtaghazout.com\/fr\/experience\/horse-ride-tour-taghazout\/","title":{"rendered":"Horse Ride Tour in Taghazout"},"content":{"rendered":"<div class=\"row\"  id=\"row-1325945448\">\n\n\t<div id=\"col-1117284897\" class=\"col small-12 large-12\"  >\n\t\t\t\t<div class=\"col-inner\"  >\n\t\t\t\n\t\t\t\n<p>Quad Taghazout vous propose une excursion \u00e0 cheval \u00e0 Taghazout pr\u00e8s de l'oc\u00e9an Atlantique. L'aventure commencera par une prise en charge \u00e0 votre h\u00f4tel ou \u00e0 l'endroit o\u00f9 vous s\u00e9journez \u00e0 Taghazout et vous conduira au ranch, o\u00f9 vous aurez l'opportunit\u00e9 et la chance d'explorer les environs \u00e0 cheval. Lors de notre visite, vous pourrez prendre de belles et une vue imprenable sur l'oc\u00e9an.<\/p>\n\t\t<\/div>\n\t\t\t\t\t<\/div>\n\n\t\n<\/div>\n<div class=\"row\"  id=\"row-578513977\">\n\n\t<div id=\"col-472672863\" class=\"col small-12 large-12\"  >\n\t\t\t\t<div class=\"col-inner\"  >\n\t\t\t\n\t\t\t\n<div class=\"row\"  id=\"row-378803770\">\n\n\t<div id=\"col-1518225425\" class=\"col medium-6 small-12 large-6\"  >\n\t\t\t\t<div class=\"col-inner\"  >\n\t\t\t\n\t\t\t\n<h3>Ce qui est inclu<\/h3>\n<p>\u2705 Prise en charge et retour \u00e0 votre h\u00f4tel \u00e0 Taghazout<br \/>\n\u2705 Transport climatis\u00e9<br \/>\n\u2705 Visite guid\u00e9e \u00e0 cheval en anglais et en fran\u00e7ais<br \/>\n\u274c\u200b \u200b Nourriture et boissons\u200b<\/p>\n<h3>Temps et disponibilit\u00e9<\/h3>\n<p>\u2022 8h to 20h<br \/>\n\u2022 \u200bDisponible tous les jours\u200b<\/p>\n\t\t<\/div>\n\t\t\t\t\t<\/div>\n\n\t\n\n\t<div id=\"col-738985323\" class=\"col medium-6 small-12 large-6\"  >\n\t\t\t\t<div class=\"col-inner\"  >\n\t\t\t\n\t\t\t\n<h3>Prise en charge et rendez-vous<\/h3>\n<p>\u2022 Prise en charge dans les h\u00f4tels de Taghazout<\/p>\n<h3>Des prix<\/h3>\n<p>\u2022 <strong>300 dh<\/strong> \/ 1 heure<br \/>\n\u2022 <strong>500 dh<\/strong> \/ 2 heures<\/p>\n<h3>Annulation gratuite<\/h3>\n<p>\u2022 Vous pouvez annuler quand vous le souhaitez, jusqu'\u00e0 24 heures avant pour un remboursement complet.<\/p>\n\t\t<\/div>\n\t\t\t\t\t<\/div>\n\n\t\n<\/div>\n\t\t<\/div>\n\t\t\t\t\t<\/div>\n\n\t\n<\/div>","protected":false},"excerpt":{"rendered":"","protected":false},"featured_media":676,"template":"","meta":[],"product_brand":[],"product_cat":[15],"product_tag":[],"class_list":{"0":"post-675","1":"product","2":"type-product","3":"status-publish","4":"has-post-thumbnail","6":"product_cat-uncategorized","8":"first","9":"instock","10":"virtual","11":"sold-individually","12":"purchasable","13":"product-type-simple"},"yoast_head":"<!-- This site is optimized with the Yoast SEO plugin v27.4 - https:\/\/yoast.com\/product\/yoast-seo-wordpress\/ -->\n<title>Horse Ride Tour in Taghazout - Quad Taghazout<\/title>\n<meta name=\"description\" content=\"Discover Taghazout in a Horse Ride Tour, Horse Ride through Taghazout Amazigh hills, mountain routes in the Taghazout and surrounding area.\" \/>\n<meta name=\"robots\" content=\"index, follow, max-snippet:-1, max-image-preview:large, max-video-preview:-1\" \/>\n<link rel=\"canonical\" href=\"https:\/\/quadtaghazout.com\/fr\/experience\/horse-ride-tour-taghazout\/\" \/>\n<meta property=\"og:locale\" content=\"fr_FR\" \/>\n<meta property=\"og:type\" content=\"article\" \/>\n<meta property=\"og:title\" content=\"Horse Ride Tour in Taghazout - Quad Taghazout\" \/>\n<meta property=\"og:description\" content=\"Discover Taghazout in a Horse Ride Tour, Horse Ride through Taghazout Amazigh hills, mountain routes in the Taghazout and surrounding area.\" \/>\n<meta property=\"og:url\" content=\"https:\/\/quadtaghazout.com\/fr\/experience\/horse-ride-tour-taghazout\/\" \/>\n<meta property=\"og:site_name\" content=\"Quad Taghazout\" \/>\n<meta property=\"article:publisher\" content=\"https:\/\/www.facebook.com\/quadtaghazout.official\/\" \/>\n<meta property=\"article:modified_time\" content=\"2024-02-22T12:44:16+00:00\" \/>\n<meta property=\"og:image\" content=\"https:\/\/quadtaghazout.com\/wp-content\/uploads\/2023\/07\/5dfvghwdf6.jpg\" \/>\n\t<meta property=\"og:image:width\" content=\"768\" \/>\n\t<meta property=\"og:image:height\" content=\"614\" \/>\n\t<meta property=\"og:image:type\" content=\"image\/jpeg\" \/>\n<meta name=\"twitter:card\" content=\"summary_large_image\" \/>\n<meta name=\"twitter:label1\" content=\"Dur\u00e9e de lecture estim\u00e9e\" \/>\n\t<meta name=\"twitter:data1\" content=\"1 minute\" \/>\n<script type=\"application\/ld+json\" class=\"yoast-schema-graph\">{\"@context\":\"https:\\\/\\\/schema.org\",\"@graph\":[{\"@type\":\"WebPage\",\"@id\":\"https:\\\/\\\/quadtaghazout.com\\\/experience\\\/horse-ride-tour-taghazout\\\/\",\"url\":\"https:\\\/\\\/quadtaghazout.com\\\/experience\\\/horse-ride-tour-taghazout\\\/\",\"name\":\"Horse Ride Tour in Taghazout - Quad Taghazout\",\"isPartOf\":{\"@id\":\"https:\\\/\\\/quadtaghazout.com\\\/#website\"},\"primaryImageOfPage\":{\"@id\":\"https:\\\/\\\/quadtaghazout.com\\\/experience\\\/horse-ride-tour-taghazout\\\/#primaryimage\"},\"image\":{\"@id\":\"https:\\\/\\\/quadtaghazout.com\\\/experience\\\/horse-ride-tour-taghazout\\\/#primaryimage\"},\"thumbnailUrl\":\"https:\\\/\\\/quadtaghazout.com\\\/wp-content\\\/uploads\\\/2023\\\/07\\\/5dfvghwdf6.jpg\",\"datePublished\":\"2023-07-02T14:00:24+00:00\",\"dateModified\":\"2024-02-22T12:44:16+00:00\",\"description\":\"Discover Taghazout in a Horse Ride Tour, Horse Ride through Taghazout Amazigh hills, mountain routes in the Taghazout and surrounding area.\",\"breadcrumb\":{\"@id\":\"https:\\\/\\\/quadtaghazout.com\\\/experience\\\/horse-ride-tour-taghazout\\\/#breadcrumb\"},\"inLanguage\":\"fr-FR\",\"potentialAction\":[{\"@type\":\"ReadAction\",\"target\":[\"https:\\\/\\\/quadtaghazout.com\\\/experience\\\/horse-ride-tour-taghazout\\\/\"]}]},{\"@type\":\"ImageObject\",\"inLanguage\":\"fr-FR\",\"@id\":\"https:\\\/\\\/quadtaghazout.com\\\/experience\\\/horse-ride-tour-taghazout\\\/#primaryimage\",\"url\":\"https:\\\/\\\/quadtaghazout.com\\\/wp-content\\\/uploads\\\/2023\\\/07\\\/5dfvghwdf6.jpg\",\"contentUrl\":\"https:\\\/\\\/quadtaghazout.com\\\/wp-content\\\/uploads\\\/2023\\\/07\\\/5dfvghwdf6.jpg\",\"width\":768,\"height\":614,\"caption\":\"Taghazout Horse Ride Tour\"},{\"@type\":\"BreadcrumbList\",\"@id\":\"https:\\\/\\\/quadtaghazout.com\\\/experience\\\/horse-ride-tour-taghazout\\\/#breadcrumb\",\"itemListElement\":[{\"@type\":\"ListItem\",\"position\":1,\"name\":\"Home\",\"item\":\"https:\\\/\\\/quadtaghazout.com\\\/\"},{\"@type\":\"ListItem\",\"position\":2,\"name\":\"Experience\",\"item\":\"https:\\\/\\\/quadtaghazout.com\\\/experience\\\/\"},{\"@type\":\"ListItem\",\"position\":3,\"name\":\"Horse Ride Tour in Taghazout\"}]},{\"@type\":\"WebSite\",\"@id\":\"https:\\\/\\\/quadtaghazout.com\\\/#website\",\"url\":\"https:\\\/\\\/quadtaghazout.com\\\/\",\"name\":\"Quad Taghazout\",\"description\":\"Quad Bike in Taghazout\",\"publisher\":{\"@id\":\"https:\\\/\\\/quadtaghazout.com\\\/#organization\"},\"potentialAction\":[{\"@type\":\"SearchAction\",\"target\":{\"@type\":\"EntryPoint\",\"urlTemplate\":\"https:\\\/\\\/quadtaghazout.com\\\/?s={search_term_string}\"},\"query-input\":{\"@type\":\"PropertyValueSpecification\",\"valueRequired\":true,\"valueName\":\"search_term_string\"}}],\"inLanguage\":\"fr-FR\"},{\"@type\":\"Organization\",\"@id\":\"https:\\\/\\\/quadtaghazout.com\\\/#organization\",\"name\":\"Quad Taghazout\",\"url\":\"https:\\\/\\\/quadtaghazout.com\\\/\",\"logo\":{\"@type\":\"ImageObject\",\"inLanguage\":\"fr-FR\",\"@id\":\"https:\\\/\\\/quadtaghazout.com\\\/#\\\/schema\\\/logo\\\/image\\\/\",\"url\":\"https:\\\/\\\/quadtaghazout.com\\\/wp-content\\\/uploads\\\/2023\\\/04\\\/800x800.jpg\",\"contentUrl\":\"https:\\\/\\\/quadtaghazout.com\\\/wp-content\\\/uploads\\\/2023\\\/04\\\/800x800.jpg\",\"width\":800,\"height\":800,\"caption\":\"Quad Taghazout\"},\"image\":{\"@id\":\"https:\\\/\\\/quadtaghazout.com\\\/#\\\/schema\\\/logo\\\/image\\\/\"},\"sameAs\":[\"https:\\\/\\\/www.facebook.com\\\/quadtaghazout.official\\\/\",\"https:\\\/\\\/www.instagram.com\\\/quad_taghazout_\\\/\"]}]}<\/script>\n<!-- \/ Yoast SEO plugin. -->","yoast_head_json":{"title":"Horse Ride Tour in Taghazout - Quad Taghazout","description":"Discover Taghazout in a Horse Ride Tour, Horse Ride through Taghazout Amazigh hills, mountain routes in the Taghazout and surrounding area.","robots":{"index":"index","follow":"follow","max-snippet":"max-snippet:-1","max-image-preview":"max-image-preview:large","max-video-preview":"max-video-preview:-1"},"canonical":"https:\/\/quadtaghazout.com\/fr\/experience\/horse-ride-tour-taghazout\/","og_locale":"fr_FR","og_type":"article","og_title":"Horse Ride Tour in Taghazout - Quad Taghazout","og_description":"Discover Taghazout in a Horse Ride Tour, Horse Ride through Taghazout Amazigh hills, mountain routes in the Taghazout and surrounding area.","og_url":"https:\/\/quadtaghazout.com\/fr\/experience\/horse-ride-tour-taghazout\/","og_site_name":"Quad Taghazout","article_publisher":"https:\/\/www.facebook.com\/quadtaghazout.official\/","article_modified_time":"2024-02-22T12:44:16+00:00","og_image":[{"width":768,"height":614,"url":"https:\/\/quadtaghazout.com\/wp-content\/uploads\/2023\/07\/5dfvghwdf6.jpg","type":"image\/jpeg"}],"twitter_card":"summary_large_image","twitter_misc":{"Dur\u00e9e de lecture estim\u00e9e":"1 minute"},"schema":{"@context":"https:\/\/schema.org","@graph":[{"@type":"WebPage","@id":"https:\/\/quadtaghazout.com\/experience\/horse-ride-tour-taghazout\/","url":"https:\/\/quadtaghazout.com\/experience\/horse-ride-tour-taghazout\/","name":"Horse Ride Tour in Taghazout - Quad Taghazout","isPartOf":{"@id":"https:\/\/quadtaghazout.com\/#website"},"primaryImageOfPage":{"@id":"https:\/\/quadtaghazout.com\/experience\/horse-ride-tour-taghazout\/#primaryimage"},"image":{"@id":"https:\/\/quadtaghazout.com\/experience\/horse-ride-tour-taghazout\/#primaryimage"},"thumbnailUrl":"https:\/\/quadtaghazout.com\/wp-content\/uploads\/2023\/07\/5dfvghwdf6.jpg","datePublished":"2023-07-02T14:00:24+00:00","dateModified":"2024-02-22T12:44:16+00:00","description":"Discover Taghazout in a Horse Ride Tour, Horse Ride through Taghazout Amazigh hills, mountain routes in the Taghazout and surrounding area.","breadcrumb":{"@id":"https:\/\/quadtaghazout.com\/experience\/horse-ride-tour-taghazout\/#breadcrumb"},"inLanguage":"fr-FR","potentialAction":[{"@type":"ReadAction","target":["https:\/\/quadtaghazout.com\/experience\/horse-ride-tour-taghazout\/"]}]},{"@type":"ImageObject","inLanguage":"fr-FR","@id":"https:\/\/quadtaghazout.com\/experience\/horse-ride-tour-taghazout\/#primaryimage","url":"https:\/\/quadtaghazout.com\/wp-content\/uploads\/2023\/07\/5dfvghwdf6.jpg","contentUrl":"https:\/\/quadtaghazout.com\/wp-content\/uploads\/2023\/07\/5dfvghwdf6.jpg","width":768,"height":614,"caption":"Taghazout Horse Ride Tour"},{"@type":"BreadcrumbList","@id":"https:\/\/quadtaghazout.com\/experience\/horse-ride-tour-taghazout\/#breadcrumb","itemListElement":[{"@type":"ListItem","position":1,"name":"Home","item":"https:\/\/quadtaghazout.com\/"},{"@type":"ListItem","position":2,"name":"Experience","item":"https:\/\/quadtaghazout.com\/experience\/"},{"@type":"ListItem","position":3,"name":"Horse Ride Tour in Taghazout"}]},{"@type":"WebSite","@id":"https:\/\/quadtaghazout.com\/#website","url":"https:\/\/quadtaghazout.com\/","name":"Quad Taghazout","description":"Quad Bike in Taghazout","publisher":{"@id":"https:\/\/quadtaghazout.com\/#organization"},"potentialAction":[{"@type":"SearchAction","target":{"@type":"EntryPoint","urlTemplate":"https:\/\/quadtaghazout.com\/?s={search_term_string}"},"query-input":{"@type":"PropertyValueSpecification","valueRequired":true,"valueName":"search_term_string"}}],"inLanguage":"fr-FR"},{"@type":"Organization","@id":"https:\/\/quadtaghazout.com\/#organization","name":"Quad Taghazout","url":"https:\/\/quadtaghazout.com\/","logo":{"@type":"ImageObject","inLanguage":"fr-FR","@id":"https:\/\/quadtaghazout.com\/#\/schema\/logo\/image\/","url":"https:\/\/quadtaghazout.com\/wp-content\/uploads\/2023\/04\/800x800.jpg","contentUrl":"https:\/\/quadtaghazout.com\/wp-content\/uploads\/2023\/04\/800x800.jpg","width":800,"height":800,"caption":"Quad Taghazout"},"image":{"@id":"https:\/\/quadtaghazout.com\/#\/schema\/logo\/image\/"},"sameAs":["https:\/\/www.facebook.com\/quadtaghazout.official\/","https:\/\/www.instagram.com\/quad_taghazout_\/"]}]}},"_links":{"self":[{"href":"https:\/\/quadtaghazout.com\/fr\/wp-json\/wp\/v2\/product\/675","targetHints":{"allow":["GET"]}}],"collection":[{"href":"https:\/\/quadtaghazout.com\/fr\/wp-json\/wp\/v2\/product"}],"about":[{"href":"https:\/\/quadtaghazout.com\/fr\/wp-json\/wp\/v2\/types\/product"}],"wp:featuredmedia":[{"embeddable":true,"href":"https:\/\/quadtaghazout.com\/fr\/wp-json\/wp\/v2\/media\/676"}],"wp:attachment":[{"href":"https:\/\/quadtaghazout.com\/fr\/wp-json\/wp\/v2\/media?parent=675"}],"wp:term":[{"taxonomy":"product_brand","embeddable":true,"href":"https:\/\/quadtaghazout.com\/fr\/wp-json\/wp\/v2\/product_brand?post=675"},{"taxonomy":"product_cat","embeddable":true,"href":"https:\/\/quadtaghazout.com\/fr\/wp-json\/wp\/v2\/product_cat?post=675"},{"taxonomy":"product_tag","embeddable":true,"href":"https:\/\/quadtaghazout.com\/fr\/wp-json\/wp\/v2\/product_tag?post=675"}],"curies":[{"name":"wp","href":"https:\/\/api.w.org\/{rel}","templated":true}]}}